{"id":1116,"date":"2025-05-03T12:47:57","date_gmt":"2025-05-03T10:47:57","guid":{"rendered":"https:\/\/santamariaesansiro.it\/web\/?page_id=1116"},"modified":"2025-05-03T12:53:23","modified_gmt":"2025-05-03T10:53:23","slug":"mercato-agricolo-15-05-2021","status":"publish","type":"page","link":"https:\/\/santamariaesansiro.it\/web\/eventi\/archivio\/mercato-agricolo-15-05-2021\/","title":{"rendered":"Mercato Agricolo &#8211; 15.05.2021"},"content":{"rendered":"<div class=\"wpb-content-wrapper\"><p>[vc_row lg_spacing=&#8221;padding_top:50&#8243; md_spacing=&#8221;padding_top:30&#8243; sm_spacing=&#8221;padding_top:20&#8243;][vc_column][vc_column_text]Gli Amici di S. Maria insieme ad un gruppo di agricoltori dell\u2019Unione Terre di Fiume hanno deciso di dar vita ad un mercato agricolo destinato alla promozione di prodotti locali.<br \/>\nIl mercato, che si svolge in p.zza S. Maria dalle 8,30 alle 12,30 e che si svolger\u00e0 ogni secondo sabato del mese, \u00e8 partito Il 12 Ottobre 2019.<br \/>\nLo scopo di questa iniziativa \u00e8 far conoscere e promuovere i nostri territori e le qualificate produzioni agricole che vi si coltivano.<br \/>\nLa scelta della piazza di S. Maria rappresenta un simbolico ritorno alle origini, quando la Chiesa era Pieve di San Siro, e presso di essa le persone si radunavano nei giorni di festa per vendere i prodotti della terra e per operare scambi .<br \/>\nIl mercato \u00e8 rimasto bloccato per la situazione sanitaria per nove lunghi mesi ed \u00e8 ripartito a settembre 2020. Dopo la pausa invernale dei mesi di gennaio e febbraio l&#8217;attivit\u00e0 \u00e8 ripresa il 13 marzo 2021 con alcune nuove presenze. Qui sotto le immagini dell&#8217;edizione del 15 maggio 2021.[\/vc_column_text][\/vc_column][\/vc_row][vc_row][vc_column][vc_column_text css=&#8221;&#8221;]<span id=\"layout_shortcode\"><span id=\"layout_shortcode_60a14a887ca84\"> <div class=\"grid-plus-container grid-69e2d840e25b5 attachment \"\n     id=\"69e2d840e25b5\"\n     data-grid-name=\"Mercato Agricolo 2021.05\"\n     data-animation=\"fadeInUp\">\n    <div class=\"grid-stack-container grid-plus-inner\"\n         data-ajax-url=\"https:\/\/santamariaesansiro.it\/web\/wp-admin\/admin-ajax.php\"\n         data-grid-id=\"6815f5d772f57\"\n         data-current-category=\"\"\n         data-section-id=\"69e2d840e25b5\"\n         data-gutter=\"10\"\n         data-columns=\"5\"\n         data-height-ratio=\"1\"\n         data-width-ratio=\"1\"\n         data-desktop-columns=\"5\"\n         data-tablet-columns=\"2\"\n         data-mobile-columns=\"1\"\n         data-layout-type=\"grid\"\n         data-fix-item-height=\"false\"\n         data-nonce=\"a6b38af46e\"\n    >\n        \n        <div class=\"grid-stack grid-stack-5\" data-layout=\"grid\"\n             style=\"height: 1310px\">\n        <\/div>\n        <div class=\"grid-items\">\n                            <div class=\"item\" data-gs-x=\"0\"\n                     data-gs-y=\"0\"\n                     data-gs-width=\"1\"\n                     data-gs-height=\"33\"\n                     data-skin=\"thumbnail-icon-gallery\"\n\n                     data-desktop-gs-x=\"0\"\n                     data-desktop-gs-y=\"0\"\n                     data-desktop-gs-width=\"1\"\n                     data-desktop-gs-height=\"33\"\n                     data-desktop-skin=\"thumbnail-icon-gallery\"\n\n                     data-image-width=\"1200\"\n                     data-image-height=\"554\"\n                >\n                    <div class=\"grid-post-item thumbnail thumbnail-icon\" data-thumbnail-only=\"1\">\n    <div class=\"thumbnail-image\" data-img=\"https:\/\/santamariaesansiro.it\/web\/wp-content\/uploads\/2025\/05\/MercatoAgricolo_2021.05.15_01-800x554.jpg\">\n                    <img decoding=\"async\" src=\"https:\/\/santamariaesansiro.it\/web\/wp-content\/uploads\/2025\/05\/MercatoAgricolo_2021.05.15_01-800x554.jpg\" alt=\"MercatoAgricolo_2021.05.15_01\" >\n                <div class=\"hover-outer transition-30\">\n                        <div class=\"hover-inner transition-50\">\n                <div class=\"icon-groups\">\n                    <a href=\"javascript:;\" class=\"view-gallery\" data-post-id=\"1119\" data-src=\"https:\/\/santamariaesansiro.it\/web\/wp-content\/uploads\/2025\/05\/MercatoAgricolo_2021.05.15_01.jpg\"\n                       data-ajax-url=\"https:\/\/santamariaesansiro.it\/web\/wp-admin\/admin-ajax.php?_wpnonce=2d1beb8640\"><i class=\"fa fa-search\"><\/i><\/a>\n                <\/div>\n            <\/div>\n        <\/div>\n    <\/div>\n<\/div>\n                <\/div>\n                                <div class=\"item\" data-gs-x=\"1\"\n                     data-gs-y=\"0\"\n                     data-gs-width=\"1\"\n                     data-gs-height=\"33\"\n                     data-skin=\"thumbnail-icon-gallery\"\n\n                     data-desktop-gs-x=\"1\"\n                     data-desktop-gs-y=\"0\"\n                     data-desktop-gs-width=\"1\"\n                     data-desktop-gs-height=\"33\"\n                     data-desktop-skin=\"thumbnail-icon-gallery\"\n\n                     data-image-width=\"1200\"\n                     data-image-height=\"554\"\n                >\n                    <div class=\"grid-post-item thumbnail thumbnail-icon\" data-thumbnail-only=\"1\">\n    <div class=\"thumbnail-image\" data-img=\"https:\/\/santamariaesansiro.it\/web\/wp-content\/uploads\/2025\/05\/MercatoAgricolo_2021.05.15_02-800x554.jpg\">\n                    <img decoding=\"async\" src=\"https:\/\/santamariaesansiro.it\/web\/wp-content\/uploads\/2025\/05\/MercatoAgricolo_2021.05.15_02-800x554.jpg\" alt=\"MercatoAgricolo_2021.05.15_02\" >\n                <div class=\"hover-outer transition-30\">\n                        <div class=\"hover-inner transition-50\">\n                <div class=\"icon-groups\">\n                    <a href=\"javascript:;\" class=\"view-gallery\" data-post-id=\"1120\" data-src=\"https:\/\/santamariaesansiro.it\/web\/wp-content\/uploads\/2025\/05\/MercatoAgricolo_2021.05.15_02.jpg\"\n                       data-ajax-url=\"https:\/\/santamariaesansiro.it\/web\/wp-admin\/admin-ajax.php?_wpnonce=2d1beb8640\"><i class=\"fa fa-search\"><\/i><\/a>\n                <\/div>\n            <\/div>\n        <\/div>\n    <\/div>\n<\/div>\n                <\/div>\n                                <div class=\"item\" data-gs-x=\"2\"\n                     data-gs-y=\"0\"\n                     data-gs-width=\"1\"\n                     data-gs-height=\"33\"\n                     data-skin=\"thumbnail-icon-gallery\"\n\n                     data-desktop-gs-x=\"2\"\n                     data-desktop-gs-y=\"0\"\n                     data-desktop-gs-width=\"1\"\n                     data-desktop-gs-height=\"33\"\n                     data-desktop-skin=\"thumbnail-icon-gallery\"\n\n                     data-image-width=\"1200\"\n                     data-image-height=\"554\"\n                >\n                    <div class=\"grid-post-item thumbnail thumbnail-icon\" data-thumbnail-only=\"1\">\n    <div class=\"thumbnail-image\" data-img=\"https:\/\/santamariaesansiro.it\/web\/wp-content\/uploads\/2025\/05\/MercatoAgricolo_2021.05.15_03-800x554.jpg\">\n                    <img decoding=\"async\" src=\"https:\/\/santamariaesansiro.it\/web\/wp-content\/uploads\/2025\/05\/MercatoAgricolo_2021.05.15_03-800x554.jpg\" alt=\"MercatoAgricolo_2021.05.15_03\" >\n                <div class=\"hover-outer transition-30\">\n                        <div class=\"hover-inner transition-50\">\n                <div class=\"icon-groups\">\n                    <a href=\"javascript:;\" class=\"view-gallery\" data-post-id=\"1121\" data-src=\"https:\/\/santamariaesansiro.it\/web\/wp-content\/uploads\/2025\/05\/MercatoAgricolo_2021.05.15_03.jpg\"\n                       data-ajax-url=\"https:\/\/santamariaesansiro.it\/web\/wp-admin\/admin-ajax.php?_wpnonce=2d1beb8640\"><i class=\"fa fa-search\"><\/i><\/a>\n                <\/div>\n            <\/div>\n        <\/div>\n    <\/div>\n<\/div>\n                <\/div>\n                                <div class=\"item\" data-gs-x=\"3\"\n                     data-gs-y=\"0\"\n                     data-gs-width=\"1\"\n                     data-gs-height=\"33\"\n                     data-skin=\"thumbnail-icon-gallery\"\n\n                     data-desktop-gs-x=\"3\"\n                     data-desktop-gs-y=\"0\"\n                     data-desktop-gs-width=\"1\"\n                     data-desktop-gs-height=\"33\"\n                     data-desktop-skin=\"thumbnail-icon-gallery\"\n\n                     data-image-width=\"1200\"\n                     data-image-height=\"554\"\n                >\n                    <div class=\"grid-post-item thumbnail thumbnail-icon\" data-thumbnail-only=\"1\">\n    <div class=\"thumbnail-image\" data-img=\"https:\/\/santamariaesansiro.it\/web\/wp-content\/uploads\/2025\/05\/MercatoAgricolo_2021.05.15_04-800x554.jpg\">\n                    <img decoding=\"async\" src=\"https:\/\/santamariaesansiro.it\/web\/wp-content\/uploads\/2025\/05\/MercatoAgricolo_2021.05.15_04-800x554.jpg\" alt=\"MercatoAgricolo_2021.05.15_04\" >\n                <div class=\"hover-outer transition-30\">\n                        <div class=\"hover-inner transition-50\">\n                <div class=\"icon-groups\">\n                    <a href=\"javascript:;\" class=\"view-gallery\" data-post-id=\"1122\" data-src=\"https:\/\/santamariaesansiro.it\/web\/wp-content\/uploads\/2025\/05\/MercatoAgricolo_2021.05.15_04.jpg\"\n                       data-ajax-url=\"https:\/\/santamariaesansiro.it\/web\/wp-admin\/admin-ajax.php?_wpnonce=2d1beb8640\"><i class=\"fa fa-search\"><\/i><\/a>\n                <\/div>\n            <\/div>\n        <\/div>\n    <\/div>\n<\/div>\n                <\/div>\n                                <div class=\"item\" data-gs-x=\"4\"\n                     data-gs-y=\"0\"\n                     data-gs-width=\"1\"\n                     data-gs-height=\"33\"\n                     data-skin=\"thumbnail-icon-gallery\"\n\n                     data-desktop-gs-x=\"4\"\n                     data-desktop-gs-y=\"0\"\n                     data-desktop-gs-width=\"1\"\n                     data-desktop-gs-height=\"33\"\n                     data-desktop-skin=\"thumbnail-icon-gallery\"\n\n                     data-image-width=\"1200\"\n                     data-image-height=\"554\"\n                >\n                    <div class=\"grid-post-item thumbnail thumbnail-icon\" data-thumbnail-only=\"1\">\n    <div class=\"thumbnail-image\" data-img=\"https:\/\/santamariaesansiro.it\/web\/wp-content\/uploads\/2025\/05\/MercatoAgricolo_2021.05.15_05-800x554.jpg\">\n                    <img decoding=\"async\" src=\"https:\/\/santamariaesansiro.it\/web\/wp-content\/uploads\/2025\/05\/MercatoAgricolo_2021.05.15_05-800x554.jpg\" alt=\"MercatoAgricolo_2021.05.15_05\" >\n                <div class=\"hover-outer transition-30\">\n                        <div class=\"hover-inner transition-50\">\n                <div class=\"icon-groups\">\n                    <a href=\"javascript:;\" class=\"view-gallery\" data-post-id=\"1123\" data-src=\"https:\/\/santamariaesansiro.it\/web\/wp-content\/uploads\/2025\/05\/MercatoAgricolo_2021.05.15_05.jpg\"\n                       data-ajax-url=\"https:\/\/santamariaesansiro.it\/web\/wp-admin\/admin-ajax.php?_wpnonce=2d1beb8640\"><i class=\"fa fa-search\"><\/i><\/a>\n                <\/div>\n            <\/div>\n        <\/div>\n    <\/div>\n<\/div>\n                <\/div>\n                                <div class=\"item\" data-gs-x=\"0\"\n                     data-gs-y=\"33\"\n                     data-gs-width=\"1\"\n                     data-gs-height=\"33\"\n                     data-skin=\"thumbnail-icon-gallery\"\n\n                     data-desktop-gs-x=\"0\"\n                     data-desktop-gs-y=\"33\"\n                     data-desktop-gs-width=\"1\"\n                     data-desktop-gs-height=\"33\"\n                     data-desktop-skin=\"thumbnail-icon-gallery\"\n\n                     data-image-width=\"1200\"\n                     data-image-height=\"554\"\n                >\n                    <div class=\"grid-post-item thumbnail thumbnail-icon\" data-thumbnail-only=\"1\">\n    <div class=\"thumbnail-image\" data-img=\"https:\/\/santamariaesansiro.it\/web\/wp-content\/uploads\/2025\/05\/MercatoAgricolo_2021.05.15_06-800x554.jpg\">\n                    <img decoding=\"async\" src=\"https:\/\/santamariaesansiro.it\/web\/wp-content\/uploads\/2025\/05\/MercatoAgricolo_2021.05.15_06-800x554.jpg\" alt=\"MercatoAgricolo_2021.05.15_06\" >\n                <div class=\"hover-outer transition-30\">\n                        <div class=\"hover-inner transition-50\">\n                <div class=\"icon-groups\">\n                    <a href=\"javascript:;\" class=\"view-gallery\" data-post-id=\"1124\" data-src=\"https:\/\/santamariaesansiro.it\/web\/wp-content\/uploads\/2025\/05\/MercatoAgricolo_2021.05.15_06.jpg\"\n                       data-ajax-url=\"https:\/\/santamariaesansiro.it\/web\/wp-admin\/admin-ajax.php?_wpnonce=2d1beb8640\"><i class=\"fa fa-search\"><\/i><\/a>\n                <\/div>\n            <\/div>\n        <\/div>\n    <\/div>\n<\/div>\n                <\/div>\n                                <div class=\"item\" data-gs-x=\"1\"\n                     data-gs-y=\"33\"\n                     data-gs-width=\"1\"\n                     data-gs-height=\"33\"\n                     data-skin=\"thumbnail-icon-gallery\"\n\n                     data-desktop-gs-x=\"1\"\n                     data-desktop-gs-y=\"33\"\n                     data-desktop-gs-width=\"1\"\n                     data-desktop-gs-height=\"33\"\n                     data-desktop-skin=\"thumbnail-icon-gallery\"\n\n                     data-image-width=\"1200\"\n                     data-image-height=\"554\"\n                >\n                    <div class=\"grid-post-item thumbnail thumbnail-icon\" data-thumbnail-only=\"1\">\n    <div class=\"thumbnail-image\" data-img=\"https:\/\/santamariaesansiro.it\/web\/wp-content\/uploads\/2025\/05\/MercatoAgricolo_2021.05.15_07-800x554.jpg\">\n                    <img decoding=\"async\" src=\"https:\/\/santamariaesansiro.it\/web\/wp-content\/uploads\/2025\/05\/MercatoAgricolo_2021.05.15_07-800x554.jpg\" alt=\"MercatoAgricolo_2021.05.15_07\" >\n                <div class=\"hover-outer transition-30\">\n                        <div class=\"hover-inner transition-50\">\n                <div class=\"icon-groups\">\n                    <a href=\"javascript:;\" class=\"view-gallery\" data-post-id=\"1125\" data-src=\"https:\/\/santamariaesansiro.it\/web\/wp-content\/uploads\/2025\/05\/MercatoAgricolo_2021.05.15_07.jpg\"\n                       data-ajax-url=\"https:\/\/santamariaesansiro.it\/web\/wp-admin\/admin-ajax.php?_wpnonce=2d1beb8640\"><i class=\"fa fa-search\"><\/i><\/a>\n                <\/div>\n            <\/div>\n        <\/div>\n    <\/div>\n<\/div>\n                <\/div>\n                        <\/div>\n\n            <\/div>\n<\/div>\n <\/span><\/span>[\/vc_column_text][\/vc_column][\/vc_row][vc_row][vc_column][vc_column_text]<span id=\"layout_shortcode\"><div class=\"grid-plus-container grid-69e2d840e6245 attachment \"\n     id=\"69e2d840e6245\"\n     data-grid-name=\"Mercato Agricolo Manifesti\"\n     data-animation=\"fadeInUp\">\n    <div class=\"grid-stack-container grid-plus-inner\"\n         data-ajax-url=\"https:\/\/santamariaesansiro.it\/web\/wp-admin\/admin-ajax.php\"\n         data-grid-id=\"6815f6375c7f9\"\n         data-current-category=\"\"\n         data-section-id=\"69e2d840e6245\"\n         data-gutter=\"10\"\n         data-columns=\"5\"\n         data-height-ratio=\"1\"\n         data-width-ratio=\"1\"\n         data-desktop-columns=\"5\"\n         data-tablet-columns=\"2\"\n         data-mobile-columns=\"1\"\n         data-layout-type=\"grid\"\n         data-fix-item-height=\"false\"\n         data-nonce=\"a6b38af46e\"\n    >\n        \n        <div class=\"grid-stack grid-stack-5\" data-layout=\"grid\"\n             style=\"height: 1310px\">\n        <\/div>\n        <div class=\"grid-items\">\n                            <div class=\"item\" data-gs-x=\"0\"\n                     data-gs-y=\"0\"\n                     data-gs-width=\"1\"\n                     data-gs-height=\"33\"\n                     data-skin=\"thumbnail-icon-gallery\"\n\n                     data-desktop-gs-x=\"0\"\n                     data-desktop-gs-y=\"0\"\n                     data-desktop-gs-width=\"1\"\n                     data-desktop-gs-height=\"33\"\n                     data-desktop-skin=\"thumbnail-icon-gallery\"\n\n                     data-image-width=\"838\"\n                     data-image-height=\"1200\"\n                >\n                    <div class=\"grid-post-item thumbnail thumbnail-icon\" data-thumbnail-only=\"1\">\n    <div class=\"thumbnail-image\" data-img=\"https:\/\/santamariaesansiro.it\/web\/wp-content\/uploads\/2025\/05\/loc-mercato-2021-mag-800x1200.jpg\">\n                    <img decoding=\"async\" src=\"https:\/\/santamariaesansiro.it\/web\/wp-content\/uploads\/2025\/05\/loc-mercato-2021-mag-800x1200.jpg\" alt=\"loc-mercato-2021-mag\" >\n                <div class=\"hover-outer transition-30\">\n                        <div class=\"hover-inner transition-50\">\n                <div class=\"icon-groups\">\n                    <a href=\"javascript:;\" class=\"view-gallery\" data-post-id=\"1126\" data-src=\"https:\/\/santamariaesansiro.it\/web\/wp-content\/uploads\/2025\/05\/loc-mercato-2021-mag.jpg\"\n                       data-ajax-url=\"https:\/\/santamariaesansiro.it\/web\/wp-admin\/admin-ajax.php?_wpnonce=2d1beb8640\"><i class=\"fa fa-search\"><\/i><\/a>\n                <\/div>\n            <\/div>\n        <\/div>\n    <\/div>\n<\/div>\n                <\/div>\n                                <div class=\"item\" data-gs-x=\"1\"\n                     data-gs-y=\"0\"\n                     data-gs-width=\"1\"\n                     data-gs-height=\"33\"\n                     data-skin=\"thumbnail-icon-gallery\"\n\n                     data-desktop-gs-x=\"1\"\n                     data-desktop-gs-y=\"0\"\n                     data-desktop-gs-width=\"1\"\n                     data-desktop-gs-height=\"33\"\n                     data-desktop-skin=\"thumbnail-icon-gallery\"\n\n                     data-image-width=\"856\"\n                     data-image-height=\"1200\"\n                >\n                    <div class=\"grid-post-item thumbnail thumbnail-icon\" data-thumbnail-only=\"1\">\n    <div class=\"thumbnail-image\" data-img=\"https:\/\/santamariaesansiro.it\/web\/wp-content\/uploads\/2025\/05\/loc-mercato-2021-apr-800x1200.jpg\">\n                    <img decoding=\"async\" src=\"https:\/\/santamariaesansiro.it\/web\/wp-content\/uploads\/2025\/05\/loc-mercato-2021-apr-800x1200.jpg\" alt=\"loc-mercato-2021-apr\" >\n                <div class=\"hover-outer transition-30\">\n                        <div class=\"hover-inner transition-50\">\n                <div class=\"icon-groups\">\n                    <a href=\"javascript:;\" class=\"view-gallery\" data-post-id=\"1127\" data-src=\"https:\/\/santamariaesansiro.it\/web\/wp-content\/uploads\/2025\/05\/loc-mercato-2021-apr.jpg\"\n                       data-ajax-url=\"https:\/\/santamariaesansiro.it\/web\/wp-admin\/admin-ajax.php?_wpnonce=2d1beb8640\"><i class=\"fa fa-search\"><\/i><\/a>\n                <\/div>\n            <\/div>\n        <\/div>\n    <\/div>\n<\/div>\n                <\/div>\n                                <div class=\"item\" data-gs-x=\"2\"\n                     data-gs-y=\"0\"\n                     data-gs-width=\"1\"\n                     data-gs-height=\"33\"\n                     data-skin=\"thumbnail-icon-gallery\"\n\n                     data-desktop-gs-x=\"2\"\n                     data-desktop-gs-y=\"0\"\n                     data-desktop-gs-width=\"1\"\n                     data-desktop-gs-height=\"33\"\n                     data-desktop-skin=\"thumbnail-icon-gallery\"\n\n                     data-image-width=\"856\"\n                     data-image-height=\"1200\"\n                >\n                    <div class=\"grid-post-item thumbnail thumbnail-icon\" data-thumbnail-only=\"1\">\n    <div class=\"thumbnail-image\" data-img=\"https:\/\/santamariaesansiro.it\/web\/wp-content\/uploads\/2025\/05\/loc-mercato-2021-mar-800x1200.jpg\">\n                    <img decoding=\"async\" src=\"https:\/\/santamariaesansiro.it\/web\/wp-content\/uploads\/2025\/05\/loc-mercato-2021-mar-800x1200.jpg\" alt=\"loc-mercato-2021-mar\" >\n                <div class=\"hover-outer transition-30\">\n                        <div class=\"hover-inner transition-50\">\n                <div class=\"icon-groups\">\n                    <a href=\"javascript:;\" class=\"view-gallery\" data-post-id=\"1128\" data-src=\"https:\/\/santamariaesansiro.it\/web\/wp-content\/uploads\/2025\/05\/loc-mercato-2021-mar.jpg\"\n                       data-ajax-url=\"https:\/\/santamariaesansiro.it\/web\/wp-admin\/admin-ajax.php?_wpnonce=2d1beb8640\"><i class=\"fa fa-search\"><\/i><\/a>\n                <\/div>\n            <\/div>\n        <\/div>\n    <\/div>\n<\/div>\n                <\/div>\n                                <div class=\"item\" data-gs-x=\"3\"\n                     data-gs-y=\"0\"\n                     data-gs-width=\"1\"\n                     data-gs-height=\"33\"\n                     data-skin=\"thumbnail-icon-gallery\"\n\n                     data-desktop-gs-x=\"3\"\n                     data-desktop-gs-y=\"0\"\n                     data-desktop-gs-width=\"1\"\n                     data-desktop-gs-height=\"33\"\n                     data-desktop-skin=\"thumbnail-icon-gallery\"\n\n                     data-image-width=\"838\"\n                     data-image-height=\"1200\"\n                >\n                    <div class=\"grid-post-item thumbnail thumbnail-icon\" data-thumbnail-only=\"1\">\n    <div class=\"thumbnail-image\" data-img=\"https:\/\/santamariaesansiro.it\/web\/wp-content\/uploads\/2025\/05\/loc-mercato-2020-dic-800x1200.jpg\">\n                    <img decoding=\"async\" src=\"https:\/\/santamariaesansiro.it\/web\/wp-content\/uploads\/2025\/05\/loc-mercato-2020-dic-800x1200.jpg\" alt=\"loc-mercato-2020-dic\" >\n                <div class=\"hover-outer transition-30\">\n                        <div class=\"hover-inner transition-50\">\n                <div class=\"icon-groups\">\n                    <a href=\"javascript:;\" class=\"view-gallery\" data-post-id=\"1129\" data-src=\"https:\/\/santamariaesansiro.it\/web\/wp-content\/uploads\/2025\/05\/loc-mercato-2020-dic.jpg\"\n                       data-ajax-url=\"https:\/\/santamariaesansiro.it\/web\/wp-admin\/admin-ajax.php?_wpnonce=2d1beb8640\"><i class=\"fa fa-search\"><\/i><\/a>\n                <\/div>\n            <\/div>\n        <\/div>\n    <\/div>\n<\/div>\n                <\/div>\n                                <div class=\"item\" data-gs-x=\"4\"\n                     data-gs-y=\"0\"\n                     data-gs-width=\"1\"\n                     data-gs-height=\"33\"\n                     data-skin=\"thumbnail-icon-gallery\"\n\n                     data-desktop-gs-x=\"4\"\n                     data-desktop-gs-y=\"0\"\n                     data-desktop-gs-width=\"1\"\n                     data-desktop-gs-height=\"33\"\n                     data-desktop-skin=\"thumbnail-icon-gallery\"\n\n                     data-image-width=\"867\"\n                     data-image-height=\"1200\"\n                >\n                    <div class=\"grid-post-item thumbnail thumbnail-icon\" data-thumbnail-only=\"1\">\n    <div class=\"thumbnail-image\" data-img=\"https:\/\/santamariaesansiro.it\/web\/wp-content\/uploads\/2025\/05\/loc-mercato-2020-nov-800x1200.jpg\">\n                    <img decoding=\"async\" src=\"https:\/\/santamariaesansiro.it\/web\/wp-content\/uploads\/2025\/05\/loc-mercato-2020-nov-800x1200.jpg\" alt=\"loc-mercato-2020-nov\" >\n                <div class=\"hover-outer transition-30\">\n                        <div class=\"hover-inner transition-50\">\n                <div class=\"icon-groups\">\n                    <a href=\"javascript:;\" class=\"view-gallery\" data-post-id=\"1130\" data-src=\"https:\/\/santamariaesansiro.it\/web\/wp-content\/uploads\/2025\/05\/loc-mercato-2020-nov.jpg\"\n                       data-ajax-url=\"https:\/\/santamariaesansiro.it\/web\/wp-admin\/admin-ajax.php?_wpnonce=2d1beb8640\"><i class=\"fa fa-search\"><\/i><\/a>\n                <\/div>\n            <\/div>\n        <\/div>\n    <\/div>\n<\/div>\n                <\/div>\n                        <\/div>\n\n            <\/div>\n<\/div>\n<\/span>[\/vc_column_text][\/vc_column][\/vc_row]<\/p>\n<\/div>","protected":false},"excerpt":{"rendered":"[vc_row lg_spacing=&#8221;padding_top:50&#8243; md_spacing=&#8221;padding_top:30&#8243; sm_spacing=&#8221;padding_top:20&#8243;][vc_column][vc_column_text]Gli Amici di S. Maria insieme ad un gruppo di agricoltori dell\u2019Unione Terre di Fiume hanno deciso di dar vita ad un mercato agricolo destinato alla promozione di prodotti locali. Il mercato, che si svolge in p.zza S. Maria dalle 8,30 alle 12,30 e che si svolger\u00e0 ogni secondo sabato del mese, \u00e8 partito Il 12 Ottobre 2019. Lo scopo di questa iniziativa \u00e8 far conoscere e promuovere i nostri territori e le qualificate produzioni agricole che vi si coltivano. La scelta della piazza di S. Maria rappresenta un simbolico ritorno alle origini, quando la Chiesa era Pieve di San Siro, e presso di essa le persone si radunavano nei giorni di festa per vendere i prodotti della terra e per operare scambi . Il mercato \u00e8 rimasto bloccato per la situazione sanitaria per nove lunghi mesi ed \u00e8 ripartito a settembre 2020. Dopo la pausa invernale dei mesi di gennaio e febbraio l&#8217;attivit\u00e0 \u00e8 ripresa il 13 marzo 2021 con alcune nuove presenze. Qui sotto le immagini dell&#8217;edizione del 15 maggio 2021.[\/vc_column_text][\/vc_column][\/vc_row][vc_row][vc_column][vc_column_text css=&#8221;&#8221;] [\/vc_column_text][\/vc_column][\/vc_row][vc_row][vc_column][vc_column_text][\/vc_column_text][\/vc_column][\/vc_row]","protected":false},"author":1,"featured_media":0,"parent":426,"menu_order":0,"comment_status":"closed","ping_status":"open","template":"","meta":{"footnotes":""},"class_list":["post-1116","page","type-page","status-publish","hentry"],"_links":{"self":[{"href":"https:\/\/santamariaesansiro.it\/web\/wp-json\/wp\/v2\/pages\/1116","targetHints":{"allow":["GET"]}}],"collection":[{"href":"https:\/\/santamariaesansiro.it\/web\/wp-json\/wp\/v2\/pages"}],"about":[{"href":"https:\/\/santamariaesansiro.it\/web\/wp-json\/wp\/v2\/types\/page"}],"author":[{"embeddable":true,"href":"https:\/\/santamariaesansiro.it\/web\/wp-json\/wp\/v2\/users\/1"}],"replies":[{"embeddable":true,"href":"https:\/\/santamariaesansiro.it\/web\/wp-json\/wp\/v2\/comments?post=1116"}],"version-history":[{"count":2,"href":"https:\/\/santamariaesansiro.it\/web\/wp-json\/wp\/v2\/pages\/1116\/revisions"}],"predecessor-version":[{"id":1118,"href":"https:\/\/santamariaesansiro.it\/web\/wp-json\/wp\/v2\/pages\/1116\/revisions\/1118"}],"up":[{"embeddable":true,"href":"https:\/\/santamariaesansiro.it\/web\/wp-json\/wp\/v2\/pages\/426"}],"wp:attachment":[{"href":"https:\/\/santamariaesansiro.it\/web\/wp-json\/wp\/v2\/media?parent=1116"}],"curies":[{"name":"wp","href":"https:\/\/api.w.org\/{rel}","templated":true}]}}