{"id":119,"date":"2025-05-01T22:35:15","date_gmt":"2025-05-01T20:35:15","guid":{"rendered":"https:\/\/santamariaesansiro.it\/web\/?page_id=119"},"modified":"2025-10-06T16:30:55","modified_gmt":"2025-10-06T14:30:55","slug":"restauro-madonna-con-il-bambino-e-due-angeli-reggicortina","status":"publish","type":"page","link":"https:\/\/santamariaesansiro.it\/web\/progetti\/progetti-realizzati\/restauro-madonna-con-il-bambino-e-due-angeli-reggicortina\/","title":{"rendered":"Restauro Madonna con il Bambino e due angeli reggicortina (2025)"},"content":{"rendered":"<div class=\"wpb-content-wrapper\"><p>[vc_row lg_spacing=&#8221;padding_top:50&#8243; md_spacing=&#8221;padding_top:30&#8243; sm_spacing=&#8221;padding_top:20&#8243;][vc_column width=&#8221;1\/4&#8243;][vc_single_image image=&#8221;1418&#8243; img_size=&#8221;large&#8221; css=&#8221;&#8221;][\/vc_column][vc_column width=&#8221;3\/4&#8243;][vc_column_text css=&#8221;&#8221;]In occasione della prima serata del Maggio Musicale 2025 \u00e8 stato presentato il restauro della <strong>Madonna con il Bambino e due angeli reggicortina<\/strong>, posta sulla quarta colonna della navata destra. Dopo un anno impegnativo che ha visto la <a href=\"https:\/\/santamariaesansiro.it\/eventi\/archivio\/presentazione-restauro-cristo-deposto-21-07-2024\/\">conclusione del restauro del Cristo Deposto<\/a> e la pubblicazione del volume \u201cS. Maria e S. Siro di Sale. La storia, gli affreschi\u201d abbiamo voluto proseguire nel percorso d salvaguardia delle emergenze artistiche presenti nella Chiesa. Perch\u00e9 questo affresco? Per rispondere riprendiamo le parole di <strong>Jacopo Tanzi<\/strong> espresse nel volume prima citato \u201c<strong>allo stato attuale l\u2019affresco \u00e8, complessivamente, in condizioni precarie<\/strong>, ma al di l\u00e0 del problematico stato conservativo la pittura dimostra un <strong>disegno saldamente prospettico e di non trascurabile qualit\u00e0.<\/strong>\u201d Siamo a cavaliere tra il quattrocento e il cinquecento e la cultura di riferimento \u00e8 quella lombarda, pi\u00f9 precisamente pavese con influssi liguri.[\/vc_column_text][\/vc_column][\/vc_row]<\/p>\n<\/div>","protected":false},"excerpt":{"rendered":"[vc_row lg_spacing=&#8221;padding_top:50&#8243; md_spacing=&#8221;padding_top:30&#8243; sm_spacing=&#8221;padding_top:20&#8243;][vc_column width=&#8221;1\/4&#8243;][vc_single_image image=&#8221;1418&#8243; img_size=&#8221;large&#8221; css=&#8221;&#8221;][\/vc_column][vc_column width=&#8221;3\/4&#8243;][vc_column_text css=&#8221;&#8221;]In occasione della prima serata del Maggio Musicale 2025 \u00e8 stato presentato il restauro della Madonna con il Bambino e due angeli reggicortina, posta sulla quarta colonna della navata destra. Dopo un anno impegnativo che ha visto la conclusione del restauro del Cristo Deposto e la pubblicazione del volume \u201cS. Maria e S. Siro di Sale. La storia, gli affreschi\u201d abbiamo voluto proseguire nel percorso d salvaguardia delle emergenze artistiche presenti nella Chiesa. Perch\u00e9 questo affresco? Per rispondere riprendiamo le parole di Jacopo Tanzi espresse nel volume prima citato \u201callo stato attuale l\u2019affresco \u00e8, complessivamente, in condizioni precarie, ma al di l\u00e0 del problematico stato conservativo la pittura dimostra un disegno saldamente prospettico e di non trascurabile qualit\u00e0.\u201d Siamo a cavaliere tra il quattrocento e il cinquecento e la cultura di riferimento \u00e8 quella lombarda, pi\u00f9 precisamente pavese con influssi liguri.[\/vc_column_text][\/vc_column][\/vc_row]","protected":false},"author":1,"featured_media":0,"parent":116,"menu_order":0,"comment_status":"closed","ping_status":"open","template":"","meta":{"footnotes":""},"class_list":["post-119","page","type-page","status-publish","hentry"],"_links":{"self":[{"href":"https:\/\/santamariaesansiro.it\/web\/wp-json\/wp\/v2\/pages\/119","targetHints":{"allow":["GET"]}}],"collection":[{"href":"https:\/\/santamariaesansiro.it\/web\/wp-json\/wp\/v2\/pages"}],"about":[{"href":"https:\/\/santamariaesansiro.it\/web\/wp-json\/wp\/v2\/types\/page"}],"author":[{"embeddable":true,"href":"https:\/\/santamariaesansiro.it\/web\/wp-json\/wp\/v2\/users\/1"}],"replies":[{"embeddable":true,"href":"https:\/\/santamariaesansiro.it\/web\/wp-json\/wp\/v2\/comments?post=119"}],"version-history":[{"count":8,"href":"https:\/\/santamariaesansiro.it\/web\/wp-json\/wp\/v2\/pages\/119\/revisions"}],"predecessor-version":[{"id":1441,"href":"https:\/\/santamariaesansiro.it\/web\/wp-json\/wp\/v2\/pages\/119\/revisions\/1441"}],"up":[{"embeddable":true,"href":"https:\/\/santamariaesansiro.it\/web\/wp-json\/wp\/v2\/pages\/116"}],"wp:attachment":[{"href":"https:\/\/santamariaesansiro.it\/web\/wp-json\/wp\/v2\/media?parent=119"}],"curies":[{"name":"wp","href":"https:\/\/api.w.org\/{rel}","templated":true}]}}