{"id":1293,"date":"2025-06-02T10:58:41","date_gmt":"2025-06-02T08:58:41","guid":{"rendered":"https:\/\/santamariaesansiro.it\/web\/?page_id=1293"},"modified":"2025-06-10T14:54:01","modified_gmt":"2025-06-10T12:54:01","slug":"maggio-musicale-25-samuele-telari-07-06-2025","status":"publish","type":"page","link":"https:\/\/santamariaesansiro.it\/web\/eventi\/archivio\/maggio-musicale-25-samuele-telari-07-06-2025\/","title":{"rendered":"Maggio Musicale &#8217;25 &#8211; Samuele Telari &#8211; 07.06.2025"},"content":{"rendered":"<div class=\"wpb-content-wrapper\"><p>[vc_row lg_spacing=&#8221;padding_top:50&#8243; md_spacing=&#8221;padding_top:30&#8243; sm_spacing=&#8221;padding_top:20&#8243;][vc_column][vc_column_text css=&#8221;&#8221;]Samuele Telari (fisarmonica) esegue musiche di J.S. Bach, F. Schubert, P.I. Tchaikovsky nell&#8217;ambito della terza serata del Maggio musicale 2025.<br \/>\nQuando si ascolta la fisarmonica si avverte la presenza evidente del flusso di aria necessaria a produrre i suoni, una suggestione unica che regala alla musica il senso del respiro di un organismo vivo. <strong>Samuele Telari<\/strong>, \u00e8 un autentico virtuoso in grado di far suonare il proprio strumento in modo totale. Nato a Spoleto nel 1992 \u00e8 tra i talenti pi\u00f9 interessanti della scena fisarmonicistica.[\/vc_column_text][\/vc_column][\/vc_row][vc_row][vc_column][vc_column_text css=&#8221;&#8221;]<span id=\"layout_shortcode\"><div class=\"grid-plus-container grid-69e2dd2260b8f attachment \"\n     id=\"69e2dd2260b8f\"\n     data-grid-name=\"Telari_2025\"\n     data-animation=\"fadeInUp\">\n    <div class=\"grid-stack-container grid-plus-inner\"\n         data-ajax-url=\"https:\/\/santamariaesansiro.it\/web\/wp-admin\/admin-ajax.php\"\n         data-grid-id=\"68482ac759962\"\n         data-current-category=\"\"\n         data-section-id=\"69e2dd2260b8f\"\n         data-gutter=\"10\"\n         data-columns=\"5\"\n         data-height-ratio=\"1\"\n         data-width-ratio=\"1\"\n         data-desktop-columns=\"5\"\n         data-tablet-columns=\"2\"\n         data-mobile-columns=\"1\"\n         data-layout-type=\"grid\"\n         data-fix-item-height=\"false\"\n         data-nonce=\"a6b38af46e\"\n    >\n        \n        <div class=\"grid-stack grid-stack-5\" data-layout=\"grid\"\n             style=\"height: 1310px\">\n        <\/div>\n        <div class=\"grid-items\">\n                            <div class=\"item\" data-gs-x=\"0\"\n                     data-gs-y=\"0\"\n                     data-gs-width=\"1\"\n                     data-gs-height=\"33\"\n                     data-skin=\"thumbnail-icon-gallery\"\n\n                     data-desktop-gs-x=\"0\"\n                     data-desktop-gs-y=\"0\"\n                     data-desktop-gs-width=\"1\"\n                     data-desktop-gs-height=\"33\"\n                     data-desktop-skin=\"thumbnail-icon-gallery\"\n\n                     data-image-width=\"1200\"\n                     data-image-height=\"1600\"\n                >\n                    <div class=\"grid-post-item thumbnail thumbnail-icon\" data-thumbnail-only=\"1\">\n    <div class=\"thumbnail-image\" data-img=\"https:\/\/santamariaesansiro.it\/web\/wp-content\/uploads\/2025\/06\/telari_4-800x1600.jpg\">\n                    <img decoding=\"async\" src=\"https:\/\/santamariaesansiro.it\/web\/wp-content\/uploads\/2025\/06\/telari_4-800x1600.jpg\" alt=\"telari_4\" >\n                <div class=\"hover-outer transition-30\">\n                        <div class=\"hover-inner transition-50\">\n                <div class=\"icon-groups\">\n                    <a href=\"javascript:;\" class=\"view-gallery\" data-post-id=\"1307\" data-src=\"https:\/\/santamariaesansiro.it\/web\/wp-content\/uploads\/2025\/06\/telari_4.jpg\"\n                       data-ajax-url=\"https:\/\/santamariaesansiro.it\/web\/wp-admin\/admin-ajax.php?_wpnonce=2d1beb8640\"><i class=\"fa fa-search\"><\/i><\/a>\n                <\/div>\n            <\/div>\n        <\/div>\n    <\/div>\n<\/div>\n                <\/div>\n                                <div class=\"item\" data-gs-x=\"1\"\n                     data-gs-y=\"0\"\n                     data-gs-width=\"1\"\n                     data-gs-height=\"33\"\n                     data-skin=\"thumbnail-icon-gallery\"\n\n                     data-desktop-gs-x=\"1\"\n                     data-desktop-gs-y=\"0\"\n                     data-desktop-gs-width=\"1\"\n                     data-desktop-gs-height=\"33\"\n                     data-desktop-skin=\"thumbnail-icon-gallery\"\n\n                     data-image-width=\"1200\"\n                     data-image-height=\"1600\"\n                >\n                    <div class=\"grid-post-item thumbnail thumbnail-icon\" data-thumbnail-only=\"1\">\n    <div class=\"thumbnail-image\" data-img=\"https:\/\/santamariaesansiro.it\/web\/wp-content\/uploads\/2025\/06\/telari_3-800x1600.jpg\">\n                    <img decoding=\"async\" src=\"https:\/\/santamariaesansiro.it\/web\/wp-content\/uploads\/2025\/06\/telari_3-800x1600.jpg\" alt=\"telari_3\" >\n                <div class=\"hover-outer transition-30\">\n                        <div class=\"hover-inner transition-50\">\n                <div class=\"icon-groups\">\n                    <a href=\"javascript:;\" class=\"view-gallery\" data-post-id=\"1308\" data-src=\"https:\/\/santamariaesansiro.it\/web\/wp-content\/uploads\/2025\/06\/telari_3.jpg\"\n                       data-ajax-url=\"https:\/\/santamariaesansiro.it\/web\/wp-admin\/admin-ajax.php?_wpnonce=2d1beb8640\"><i class=\"fa fa-search\"><\/i><\/a>\n                <\/div>\n            <\/div>\n        <\/div>\n    <\/div>\n<\/div>\n                <\/div>\n                                <div class=\"item\" data-gs-x=\"2\"\n                     data-gs-y=\"0\"\n                     data-gs-width=\"1\"\n                     data-gs-height=\"33\"\n                     data-skin=\"thumbnail-icon-gallery\"\n\n                     data-desktop-gs-x=\"2\"\n                     data-desktop-gs-y=\"0\"\n                     data-desktop-gs-width=\"1\"\n                     data-desktop-gs-height=\"33\"\n                     data-desktop-skin=\"thumbnail-icon-gallery\"\n\n                     data-image-width=\"1200\"\n                     data-image-height=\"1600\"\n                >\n                    <div class=\"grid-post-item thumbnail thumbnail-icon\" data-thumbnail-only=\"1\">\n    <div class=\"thumbnail-image\" data-img=\"https:\/\/santamariaesansiro.it\/web\/wp-content\/uploads\/2025\/06\/telari_2-800x1600.jpg\">\n                    <img decoding=\"async\" src=\"https:\/\/santamariaesansiro.it\/web\/wp-content\/uploads\/2025\/06\/telari_2-800x1600.jpg\" alt=\"telari_2\" >\n                <div class=\"hover-outer transition-30\">\n                        <div class=\"hover-inner transition-50\">\n                <div class=\"icon-groups\">\n                    <a href=\"javascript:;\" class=\"view-gallery\" data-post-id=\"1309\" data-src=\"https:\/\/santamariaesansiro.it\/web\/wp-content\/uploads\/2025\/06\/telari_2.jpg\"\n                       data-ajax-url=\"https:\/\/santamariaesansiro.it\/web\/wp-admin\/admin-ajax.php?_wpnonce=2d1beb8640\"><i class=\"fa fa-search\"><\/i><\/a>\n                <\/div>\n            <\/div>\n        <\/div>\n    <\/div>\n<\/div>\n                <\/div>\n                                <div class=\"item\" data-gs-x=\"3\"\n                     data-gs-y=\"0\"\n                     data-gs-width=\"1\"\n                     data-gs-height=\"33\"\n                     data-skin=\"thumbnail-icon-gallery\"\n\n                     data-desktop-gs-x=\"3\"\n                     data-desktop-gs-y=\"0\"\n                     data-desktop-gs-width=\"1\"\n                     data-desktop-gs-height=\"33\"\n                     data-desktop-skin=\"thumbnail-icon-gallery\"\n\n                     data-image-width=\"1200\"\n                     data-image-height=\"1600\"\n                >\n                    <div class=\"grid-post-item thumbnail thumbnail-icon\" data-thumbnail-only=\"1\">\n    <div class=\"thumbnail-image\" data-img=\"https:\/\/santamariaesansiro.it\/web\/wp-content\/uploads\/2025\/06\/telari_1-800x1600.jpg\">\n                    <img decoding=\"async\" src=\"https:\/\/santamariaesansiro.it\/web\/wp-content\/uploads\/2025\/06\/telari_1-800x1600.jpg\" alt=\"telari_1\" >\n                <div class=\"hover-outer transition-30\">\n                        <div class=\"hover-inner transition-50\">\n                <div class=\"icon-groups\">\n                    <a href=\"javascript:;\" class=\"view-gallery\" data-post-id=\"1310\" data-src=\"https:\/\/santamariaesansiro.it\/web\/wp-content\/uploads\/2025\/06\/telari_1.jpg\"\n                       data-ajax-url=\"https:\/\/santamariaesansiro.it\/web\/wp-admin\/admin-ajax.php?_wpnonce=2d1beb8640\"><i class=\"fa fa-search\"><\/i><\/a>\n                <\/div>\n            <\/div>\n        <\/div>\n    <\/div>\n<\/div>\n                <\/div>\n                        <\/div>\n\n            <\/div>\n<\/div>\n<\/span>[\/vc_column_text][\/vc_column][\/vc_row]<\/p>\n<\/div>","protected":false},"excerpt":{"rendered":"[vc_row lg_spacing=&#8221;padding_top:50&#8243; md_spacing=&#8221;padding_top:30&#8243; sm_spacing=&#8221;padding_top:20&#8243;][vc_column][vc_column_text css=&#8221;&#8221;]Samuele Telari (fisarmonica) esegue musiche di J.S. Bach, F. Schubert, P.I. Tchaikovsky nell&#8217;ambito della terza serata del Maggio musicale 2025. Quando si ascolta la fisarmonica si avverte la presenza evidente del flusso di aria necessaria a produrre i suoni, una suggestione unica che regala alla musica il senso del respiro di un organismo vivo. Samuele Telari, \u00e8 un autentico virtuoso in grado di far suonare il proprio strumento in modo totale. Nato a Spoleto nel 1992 \u00e8 tra i talenti pi\u00f9 interessanti della scena fisarmonicistica.[\/vc_column_text][\/vc_column][\/vc_row][vc_row][vc_column][vc_column_text css=&#8221;&#8221;][\/vc_column_text][\/vc_column][\/vc_row]","protected":false},"author":1,"featured_media":0,"parent":426,"menu_order":0,"comment_status":"closed","ping_status":"open","template":"","meta":{"footnotes":""},"class_list":["post-1293","page","type-page","status-publish","hentry"],"_links":{"self":[{"href":"https:\/\/santamariaesansiro.it\/web\/wp-json\/wp\/v2\/pages\/1293","targetHints":{"allow":["GET"]}}],"collection":[{"href":"https:\/\/santamariaesansiro.it\/web\/wp-json\/wp\/v2\/pages"}],"about":[{"href":"https:\/\/santamariaesansiro.it\/web\/wp-json\/wp\/v2\/types\/page"}],"author":[{"embeddable":true,"href":"https:\/\/santamariaesansiro.it\/web\/wp-json\/wp\/v2\/users\/1"}],"replies":[{"embeddable":true,"href":"https:\/\/santamariaesansiro.it\/web\/wp-json\/wp\/v2\/comments?post=1293"}],"version-history":[{"count":4,"href":"https:\/\/santamariaesansiro.it\/web\/wp-json\/wp\/v2\/pages\/1293\/revisions"}],"predecessor-version":[{"id":1311,"href":"https:\/\/santamariaesansiro.it\/web\/wp-json\/wp\/v2\/pages\/1293\/revisions\/1311"}],"up":[{"embeddable":true,"href":"https:\/\/santamariaesansiro.it\/web\/wp-json\/wp\/v2\/pages\/426"}],"wp:attachment":[{"href":"https:\/\/santamariaesansiro.it\/web\/wp-json\/wp\/v2\/media?parent=1293"}],"curies":[{"name":"wp","href":"https:\/\/api.w.org\/{rel}","templated":true}]}}