{"id":1354,"date":"2025-10-05T18:32:49","date_gmt":"2025-10-05T16:32:49","guid":{"rendered":"https:\/\/santamariaesansiro.it\/web\/?page_id=1354"},"modified":"2025-10-05T18:35:43","modified_gmt":"2025-10-05T16:35:43","slug":"intervento-di-restauro-delle-vetrate-artistiche-impiombate","status":"publish","type":"page","link":"https:\/\/santamariaesansiro.it\/web\/progetti\/progetti-in-corso\/intervento-di-restauro-delle-vetrate-artistiche-impiombate\/","title":{"rendered":"Intervento di restauro delle vetrate artistiche impiombate"},"content":{"rendered":"<div class=\"wpb-content-wrapper\"><p>[vc_row lg_spacing=&#8221;padding_top:50&#8243; md_spacing=&#8221;padding_top:30&#8243; sm_spacing=&#8221;padding_top:20&#8243;][vc_column width=&#8221;1\/4&#8243;][vc_single_image image=&#8221;1355&#8243; img_size=&#8221;large&#8221; css=&#8221;&#8221;][\/vc_column][vc_column width=&#8221;3\/4&#8243;][vc_column_text css=&#8221;&#8221;]Intervento di restauro delle vetrate artistiche impiombate, intervento che, per i costi, proceder\u00e0 a lotti e per il quale si \u00e8 in attesa dell&#8217;autorizzazione della Sovrintendneza.<br \/>\nIl primo lotto \u00e8 pevisto per la primavera del 2026[\/vc_column_text][vc_btn title=&#8221;Scarica il progetto\/preventivo del restauro&#8221; color=&#8221;warning&#8221; css=&#8221;&#8221; link=&#8221;url:https%3A%2F%2Fsantamariaesansiro.it%2Fweb%2Fwp-content%2Fuploads%2F2025%2F10%2FPreventivo_restauro_vetrate.pdf|target:_blank&#8221;][vc_column_text css=&#8221;&#8221;]Lasciamo, per eventuali interessati a sostenere questo progetto, il <strong>numero del conto corrente: IT64P0623048190000046584331 Cr\u00e9dit Agricole Castelnuovo Scrivia<\/strong><br \/>\n<strong>COMITATO AMICI DI S. MARIA E S. SIRO ODV<\/strong>[\/vc_column_text][\/vc_column][\/vc_row]<\/p>\n<\/div>","protected":false},"excerpt":{"rendered":"[vc_row lg_spacing=&#8221;padding_top:50&#8243; md_spacing=&#8221;padding_top:30&#8243; sm_spacing=&#8221;padding_top:20&#8243;][vc_column width=&#8221;1\/4&#8243;][vc_single_image image=&#8221;1355&#8243; img_size=&#8221;large&#8221; css=&#8221;&#8221;][\/vc_column][vc_column width=&#8221;3\/4&#8243;][vc_column_text css=&#8221;&#8221;]Intervento di restauro delle vetrate artistiche impiombate, intervento che, per i costi, proceder\u00e0 a lotti e per il quale si \u00e8 in attesa dell&#8217;autorizzazione della Sovrintendneza. Il primo lotto \u00e8 pevisto per la primavera del 2026[\/vc_column_text][vc_btn title=&#8221;Scarica il progetto\/preventivo del restauro&#8221; color=&#8221;warning&#8221; css=&#8221;&#8221; link=&#8221;url:https%3A%2F%2Fsantamariaesansiro.it%2Fweb%2Fwp-content%2Fuploads%2F2025%2F10%2FPreventivo_restauro_vetrate.pdf|target:_blank&#8221;][vc_column_text css=&#8221;&#8221;]Lasciamo, per eventuali interessati a sostenere questo progetto, il numero del conto corrente: IT64P0623048190000046584331 Cr\u00e9dit Agricole Castelnuovo Scrivia COMITATO AMICI DI S. MARIA E S. SIRO ODV[\/vc_column_text][\/vc_column][\/vc_row]","protected":false},"author":1,"featured_media":0,"parent":115,"menu_order":0,"comment_status":"closed","ping_status":"open","template":"","meta":{"footnotes":""},"class_list":["post-1354","page","type-page","status-publish","hentry"],"_links":{"self":[{"href":"https:\/\/santamariaesansiro.it\/web\/wp-json\/wp\/v2\/pages\/1354","targetHints":{"allow":["GET"]}}],"collection":[{"href":"https:\/\/santamariaesansiro.it\/web\/wp-json\/wp\/v2\/pages"}],"about":[{"href":"https:\/\/santamariaesansiro.it\/web\/wp-json\/wp\/v2\/types\/page"}],"author":[{"embeddable":true,"href":"https:\/\/santamariaesansiro.it\/web\/wp-json\/wp\/v2\/users\/1"}],"replies":[{"embeddable":true,"href":"https:\/\/santamariaesansiro.it\/web\/wp-json\/wp\/v2\/comments?post=1354"}],"version-history":[{"count":1,"href":"https:\/\/santamariaesansiro.it\/web\/wp-json\/wp\/v2\/pages\/1354\/revisions"}],"predecessor-version":[{"id":1357,"href":"https:\/\/santamariaesansiro.it\/web\/wp-json\/wp\/v2\/pages\/1354\/revisions\/1357"}],"up":[{"embeddable":true,"href":"https:\/\/santamariaesansiro.it\/web\/wp-json\/wp\/v2\/pages\/115"}],"wp:attachment":[{"href":"https:\/\/santamariaesansiro.it\/web\/wp-json\/wp\/v2\/media?parent=1354"}],"curies":[{"name":"wp","href":"https:\/\/api.w.org\/{rel}","templated":true}]}}