{"id":1413,"date":"2025-10-05T20:51:47","date_gmt":"2025-10-05T18:51:47","guid":{"rendered":"https:\/\/santamariaesansiro.it\/web\/?page_id=1413"},"modified":"2025-10-05T20:51:47","modified_gmt":"2025-10-05T18:51:47","slug":"1984-2024-i-quarantanni-del-comitato","status":"publish","type":"page","link":"https:\/\/santamariaesansiro.it\/web\/chiesa\/1984-2024-i-quarantanni-del-comitato\/","title":{"rendered":"1984 \u2014 2024: i Quarant&#8217;anni del Comitato"},"content":{"rendered":"<div class=\"wpb-content-wrapper\"><p>[vc_row lg_spacing=&#8221;padding_top:10&#8243;][vc_column][vc_empty_space][vc_single_image image=&#8221;39&#8243; img_size=&#8221;full&#8221; alignment=&#8221;center&#8221; css=&#8221;&#8221;][vc_row_inner][vc_column_inner width=&#8221;1\/2&#8243;][vc_column_text]Nel marzo 1984 si costituiva il Comitato Amici di S. Maria con lo scopo di tutelare, salvaguardare e promuove l&#8217;insigne monumento. In quegli anni la Chiesa versava in uno stato di profondo abbandono e di crescente degrado, situazione che mettevano in serio pericolo i preziosi affreschi del xv secolo e le stesse strutture murarie a causa delle infiltrazioni d&#8217;acqua che causavano una fortissima umidit\u00e0. Con tanto lavoro passione e costanza, con l&#8217;aiuto dei salesi, cercando contributi, promuovendo iniziative, piano piano si sono effettuati tantissimi lavori di restauri: il tetto, gli infissi, gli affreschi della Altar Maggior e la cappella posta alla sua destra, la cappella della Madonna Addolorata e diverse statue lignee e, da ultimo, il grande restauro della facciata. Sono trascorsi quarant&#8217;anni e oggi ci siamo ritrovati al Cannone d&#8217;Oro per festeggiare l&#8217;importante ricorrenza.[\/vc_column_text][\/vc_column_inner][vc_column_inner width=&#8221;1\/2&#8243;][vc_column_text]Ci piace ricordare i soci costituenti: Pinin Frugone Valdata, Lorenzo Donini, Maria Grazia Valsecchi Stassano, Lelia Bottarelli, Angelo Chiesa, Mariano Bonini, Enrico Balduzzi, Placido Rizzo, Bruno Nicorelli, Maria Teresa Bonini Molinari, Renato Ponassi, Vittorio Baldi, Vittorio Ruffinazzi, Gian Vincenzo Chiodi, Federica Camagna Cristoferone, Egidio Cristoferone, Antonio Pavanello e Alfonso Bailo. La strada da percorrere \u00e8 ancora lunga e soprattutto sar\u00e0 necessario intrapredere nuove vie per poter inserire, con sempre con maggior visibilit\u00e0, la nostra Chiesa nei percorsi turistici regionali promuovendo cos\u00ec anche il nostro paese, ovviamente per raggiungere questi obiettivi abbiamo bisogno del contributo di tutti. Stiamo preparando diverse iniziative culturali che ci accompagneranno nella primavera\/estate per ricordare i quarant&#8217;anni del Comitato; speriamo possano trovare il gradimento di tutti![\/vc_column_text][\/vc_column_inner][\/vc_row_inner][\/vc_column][\/vc_row]<\/p>\n<\/div>","protected":false},"excerpt":{"rendered":"[vc_row lg_spacing=&#8221;padding_top:10&#8243;][vc_column][vc_empty_space][vc_single_image image=&#8221;39&#8243; img_size=&#8221;full&#8221; alignment=&#8221;center&#8221; css=&#8221;&#8221;][vc_row_inner][vc_column_inner width=&#8221;1\/2&#8243;][vc_column_text]Nel marzo 1984 si costituiva il Comitato Amici di S. Maria con lo scopo di tutelare, salvaguardare e promuove l&#8217;insigne monumento. In quegli anni la Chiesa versava in uno stato di profondo abbandono e di crescente degrado, situazione che mettevano in serio pericolo i preziosi affreschi del xv secolo e le stesse strutture murarie a causa delle infiltrazioni d&#8217;acqua che causavano una fortissima umidit\u00e0. Con tanto lavoro passione e costanza, con l&#8217;aiuto dei salesi, cercando contributi, promuovendo iniziative, piano piano si sono effettuati tantissimi lavori di restauri: il tetto, gli infissi, gli affreschi della Altar Maggior e la cappella posta alla sua destra, la cappella della Madonna Addolorata e diverse statue lignee e, da ultimo, il grande restauro della facciata. Sono trascorsi quarant&#8217;anni e oggi ci siamo ritrovati al Cannone d&#8217;Oro per festeggiare l&#8217;importante ricorrenza.[\/vc_column_text][\/vc_column_inner][vc_column_inner width=&#8221;1\/2&#8243;][vc_column_text]Ci piace ricordare i soci costituenti: Pinin Frugone Valdata, Lorenzo Donini, Maria Grazia Valsecchi Stassano, Lelia Bottarelli, Angelo Chiesa, Mariano Bonini, Enrico Balduzzi, Placido Rizzo, Bruno Nicorelli, Maria Teresa Bonini Molinari, Renato Ponassi, Vittorio Baldi, Vittorio Ruffinazzi, Gian Vincenzo Chiodi, Federica Camagna Cristoferone, Egidio Cristoferone, Antonio Pavanello e Alfonso Bailo. La strada da percorrere \u00e8 ancora lunga e soprattutto sar\u00e0 necessario intrapredere nuove vie per poter inserire, con sempre con maggior visibilit\u00e0, la nostra Chiesa nei percorsi turistici regionali promuovendo cos\u00ec anche il nostro paese, ovviamente per raggiungere questi obiettivi abbiamo bisogno del contributo di tutti. Stiamo preparando diverse iniziative culturali che ci accompagneranno nella primavera\/estate per ricordare i quarant&#8217;anni del Comitato; speriamo possano trovare il gradimento di tutti![\/vc_column_text][\/vc_column_inner][\/vc_row_inner][\/vc_column][\/vc_row]","protected":false},"author":1,"featured_media":0,"parent":2,"menu_order":0,"comment_status":"closed","ping_status":"open","template":"","meta":{"footnotes":""},"class_list":["post-1413","page","type-page","status-publish","hentry"],"_links":{"self":[{"href":"https:\/\/santamariaesansiro.it\/web\/wp-json\/wp\/v2\/pages\/1413","targetHints":{"allow":["GET"]}}],"collection":[{"href":"https:\/\/santamariaesansiro.it\/web\/wp-json\/wp\/v2\/pages"}],"about":[{"href":"https:\/\/santamariaesansiro.it\/web\/wp-json\/wp\/v2\/types\/page"}],"author":[{"embeddable":true,"href":"https:\/\/santamariaesansiro.it\/web\/wp-json\/wp\/v2\/users\/1"}],"replies":[{"embeddable":true,"href":"https:\/\/santamariaesansiro.it\/web\/wp-json\/wp\/v2\/comments?post=1413"}],"version-history":[{"count":1,"href":"https:\/\/santamariaesansiro.it\/web\/wp-json\/wp\/v2\/pages\/1413\/revisions"}],"predecessor-version":[{"id":1414,"href":"https:\/\/santamariaesansiro.it\/web\/wp-json\/wp\/v2\/pages\/1413\/revisions\/1414"}],"up":[{"embeddable":true,"href":"https:\/\/santamariaesansiro.it\/web\/wp-json\/wp\/v2\/pages\/2"}],"wp:attachment":[{"href":"https:\/\/santamariaesansiro.it\/web\/wp-json\/wp\/v2\/media?parent=1413"}],"curies":[{"name":"wp","href":"https:\/\/api.w.org\/{rel}","templated":true}]}}