{"id":251,"date":"2025-05-02T01:16:21","date_gmt":"2025-05-01T23:16:21","guid":{"rendered":"https:\/\/santamariaesansiro.it\/web\/?page_id=251"},"modified":"2025-05-02T01:20:53","modified_gmt":"2025-05-01T23:20:53","slug":"restauro-bambin-gesu-bendicente-2020","status":"publish","type":"page","link":"https:\/\/santamariaesansiro.it\/web\/progetti\/progetti-realizzati\/restauro-bambin-gesu-bendicente-2020\/","title":{"rendered":"Restauro Bambin Ges\u00f9 bendicente (2020)"},"content":{"rendered":"<div class=\"wpb-content-wrapper\"><p>[vc_row lg_spacing=&#8221;padding_top:50&#8243; md_spacing=&#8221;padding_top:30&#8243; sm_spacing=&#8221;padding_top:20&#8243;][vc_column][vc_column_text]La Statua del Bambin Ges\u00f9 benedicente \u00e8 giunta in S. Maria e S. Siro nel 1802, allorch\u00e8 i membri della Confraternit\u00e0 del Rosario la acquistarono, insieme al dipinto della Madonna del Rosario, dal Monastero di San Gerolamo prima della sua soppressione.\u00a0 Depositata in angolo della Canonica \u00e8 stata ripresentata ai fedeli in occasione della grande mostra sui paramenti sacri del luglio 2019 suscitando grande interesse.\u00a0 In quell\u2019occasione si evidenzi\u00f2 la necessit\u00e0 di un immediato restauro visto il continuo sollevarsi dell\u2019oro dal drappo. Appena\u00a0 ultimata la mostra si sono intraprese le procedure per avviare al restauro la statua e, ottenuta l\u2019autorizzazione da parte della Soprintendenza, in gennaio ha preso la via della bottega di Silvia Balostro. La Statua\u00a0 \u00e8 tornata in S. Maria e S. Siro il 20 luglio 2020.[\/vc_column_text][\/vc_column][\/vc_row][vc_row][vc_column][vc_column_text]<span id=\"layout_shortcode\"><div class=\"grid-plus-container grid-69e2da89dede8 attachment \"\n     id=\"69e2da89dede8\"\n     data-grid-name=\"Restauro Bambin Ges\u00f9 bendicente\"\n     data-animation=\"fadeInUp\">\n    <div class=\"grid-stack-container grid-plus-inner\"\n         data-ajax-url=\"https:\/\/santamariaesansiro.it\/web\/wp-admin\/admin-ajax.php\"\n         data-grid-id=\"68140241646b0\"\n         data-current-category=\"\"\n         data-section-id=\"69e2da89dede8\"\n         data-gutter=\"10\"\n         data-columns=\"5\"\n         data-height-ratio=\"1\"\n         data-width-ratio=\"1\"\n         data-desktop-columns=\"5\"\n         data-tablet-columns=\"2\"\n         data-mobile-columns=\"1\"\n         data-layout-type=\"grid\"\n         data-fix-item-height=\"false\"\n         data-nonce=\"a6b38af46e\"\n    >\n        \n        <div class=\"grid-stack grid-stack-5\" data-layout=\"grid\"\n             style=\"height: 1310px\">\n        <\/div>\n        <div class=\"grid-items\">\n                            <div class=\"item\" data-gs-x=\"0\"\n                     data-gs-y=\"0\"\n                     data-gs-width=\"1\"\n                     data-gs-height=\"33\"\n                     data-skin=\"thumbnail-icon-gallery\"\n\n                     data-desktop-gs-x=\"0\"\n                     data-desktop-gs-y=\"0\"\n                     data-desktop-gs-width=\"1\"\n                     data-desktop-gs-height=\"33\"\n                     data-desktop-skin=\"thumbnail-icon-gallery\"\n\n                     data-image-width=\"1200\"\n                     data-image-height=\"1600\"\n                >\n                    <div class=\"grid-post-item thumbnail thumbnail-icon\" data-thumbnail-only=\"1\">\n    <div class=\"thumbnail-image\" data-img=\"https:\/\/santamariaesansiro.it\/web\/wp-content\/uploads\/2025\/05\/Restauro_Salvator_Mundi_01-800x1600.jpg\">\n                    <img decoding=\"async\" src=\"https:\/\/santamariaesansiro.it\/web\/wp-content\/uploads\/2025\/05\/Restauro_Salvator_Mundi_01-800x1600.jpg\" alt=\"Restauro_Salvator_Mundi_01\" >\n                <div class=\"hover-outer transition-30\">\n                        <div class=\"hover-inner transition-50\">\n                <div class=\"icon-groups\">\n                    <a href=\"javascript:;\" class=\"view-gallery\" data-post-id=\"256\" data-src=\"https:\/\/santamariaesansiro.it\/web\/wp-content\/uploads\/2025\/05\/Restauro_Salvator_Mundi_01.jpg\"\n                       data-ajax-url=\"https:\/\/santamariaesansiro.it\/web\/wp-admin\/admin-ajax.php?_wpnonce=2d1beb8640\"><i class=\"fa fa-search\"><\/i><\/a>\n                <\/div>\n            <\/div>\n        <\/div>\n    <\/div>\n<\/div>\n                <\/div>\n                                <div class=\"item\" data-gs-x=\"1\"\n                     data-gs-y=\"0\"\n                     data-gs-width=\"1\"\n                     data-gs-height=\"33\"\n                     data-skin=\"thumbnail-icon-gallery\"\n\n                     data-desktop-gs-x=\"1\"\n                     data-desktop-gs-y=\"0\"\n                     data-desktop-gs-width=\"1\"\n                     data-desktop-gs-height=\"33\"\n                     data-desktop-skin=\"thumbnail-icon-gallery\"\n\n                     data-image-width=\"1200\"\n                     data-image-height=\"1600\"\n                >\n                    <div class=\"grid-post-item thumbnail thumbnail-icon\" data-thumbnail-only=\"1\">\n    <div class=\"thumbnail-image\" data-img=\"https:\/\/santamariaesansiro.it\/web\/wp-content\/uploads\/2025\/05\/Restauro_Salvator_Mundi_02-800x1600.jpg\">\n                    <img decoding=\"async\" src=\"https:\/\/santamariaesansiro.it\/web\/wp-content\/uploads\/2025\/05\/Restauro_Salvator_Mundi_02-800x1600.jpg\" alt=\"Restauro_Salvator_Mundi_02\" >\n                <div class=\"hover-outer transition-30\">\n                        <div class=\"hover-inner transition-50\">\n                <div class=\"icon-groups\">\n                    <a href=\"javascript:;\" class=\"view-gallery\" data-post-id=\"257\" data-src=\"https:\/\/santamariaesansiro.it\/web\/wp-content\/uploads\/2025\/05\/Restauro_Salvator_Mundi_02.jpg\"\n                       data-ajax-url=\"https:\/\/santamariaesansiro.it\/web\/wp-admin\/admin-ajax.php?_wpnonce=2d1beb8640\"><i class=\"fa fa-search\"><\/i><\/a>\n                <\/div>\n            <\/div>\n        <\/div>\n    <\/div>\n<\/div>\n                <\/div>\n                                <div class=\"item\" data-gs-x=\"2\"\n                     data-gs-y=\"0\"\n                     data-gs-width=\"1\"\n                     data-gs-height=\"33\"\n                     data-skin=\"thumbnail-icon-gallery\"\n\n                     data-desktop-gs-x=\"2\"\n                     data-desktop-gs-y=\"0\"\n                     data-desktop-gs-width=\"1\"\n                     data-desktop-gs-height=\"33\"\n                     data-desktop-skin=\"thumbnail-icon-gallery\"\n\n                     data-image-width=\"1200\"\n                     data-image-height=\"1600\"\n                >\n                    <div class=\"grid-post-item thumbnail thumbnail-icon\" data-thumbnail-only=\"1\">\n    <div class=\"thumbnail-image\" data-img=\"https:\/\/santamariaesansiro.it\/web\/wp-content\/uploads\/2025\/05\/Restauro_Salvator_Mundi_03-800x1600.jpg\">\n                    <img decoding=\"async\" src=\"https:\/\/santamariaesansiro.it\/web\/wp-content\/uploads\/2025\/05\/Restauro_Salvator_Mundi_03-800x1600.jpg\" alt=\"Restauro_Salvator_Mundi_03\" >\n                <div class=\"hover-outer transition-30\">\n                        <div class=\"hover-inner transition-50\">\n                <div class=\"icon-groups\">\n                    <a href=\"javascript:;\" class=\"view-gallery\" data-post-id=\"258\" data-src=\"https:\/\/santamariaesansiro.it\/web\/wp-content\/uploads\/2025\/05\/Restauro_Salvator_Mundi_03.jpg\"\n                       data-ajax-url=\"https:\/\/santamariaesansiro.it\/web\/wp-admin\/admin-ajax.php?_wpnonce=2d1beb8640\"><i class=\"fa fa-search\"><\/i><\/a>\n                <\/div>\n            <\/div>\n        <\/div>\n    <\/div>\n<\/div>\n                <\/div>\n                                <div class=\"item\" data-gs-x=\"3\"\n                     data-gs-y=\"0\"\n                     data-gs-width=\"1\"\n                     data-gs-height=\"33\"\n                     data-skin=\"thumbnail-icon-gallery\"\n\n                     data-desktop-gs-x=\"3\"\n                     data-desktop-gs-y=\"0\"\n                     data-desktop-gs-width=\"1\"\n                     data-desktop-gs-height=\"33\"\n                     data-desktop-skin=\"thumbnail-icon-gallery\"\n\n                     data-image-width=\"1200\"\n                     data-image-height=\"1600\"\n                >\n                    <div class=\"grid-post-item thumbnail thumbnail-icon\" data-thumbnail-only=\"1\">\n    <div class=\"thumbnail-image\" data-img=\"https:\/\/santamariaesansiro.it\/web\/wp-content\/uploads\/2025\/05\/Restauro_Salvator_Mundi_04-800x1600.jpg\">\n                    <img decoding=\"async\" src=\"https:\/\/santamariaesansiro.it\/web\/wp-content\/uploads\/2025\/05\/Restauro_Salvator_Mundi_04-800x1600.jpg\" alt=\"Restauro_Salvator_Mundi_04\" >\n                <div class=\"hover-outer transition-30\">\n                        <div class=\"hover-inner transition-50\">\n                <div class=\"icon-groups\">\n                    <a href=\"javascript:;\" class=\"view-gallery\" data-post-id=\"259\" data-src=\"https:\/\/santamariaesansiro.it\/web\/wp-content\/uploads\/2025\/05\/Restauro_Salvator_Mundi_04.jpg\"\n                       data-ajax-url=\"https:\/\/santamariaesansiro.it\/web\/wp-admin\/admin-ajax.php?_wpnonce=2d1beb8640\"><i class=\"fa fa-search\"><\/i><\/a>\n                <\/div>\n            <\/div>\n        <\/div>\n    <\/div>\n<\/div>\n                <\/div>\n                                <div class=\"item\" data-gs-x=\"4\"\n                     data-gs-y=\"0\"\n                     data-gs-width=\"1\"\n                     data-gs-height=\"33\"\n                     data-skin=\"thumbnail-icon-gallery\"\n\n                     data-desktop-gs-x=\"4\"\n                     data-desktop-gs-y=\"0\"\n                     data-desktop-gs-width=\"1\"\n                     data-desktop-gs-height=\"33\"\n                     data-desktop-skin=\"thumbnail-icon-gallery\"\n\n                     data-image-width=\"1200\"\n                     data-image-height=\"1600\"\n                >\n                    <div class=\"grid-post-item thumbnail thumbnail-icon\" data-thumbnail-only=\"1\">\n    <div class=\"thumbnail-image\" data-img=\"https:\/\/santamariaesansiro.it\/web\/wp-content\/uploads\/2025\/05\/Restauro_Salvator_Mundi_05-800x1600.jpg\">\n                    <img decoding=\"async\" src=\"https:\/\/santamariaesansiro.it\/web\/wp-content\/uploads\/2025\/05\/Restauro_Salvator_Mundi_05-800x1600.jpg\" alt=\"Restauro_Salvator_Mundi_05\" >\n                <div class=\"hover-outer transition-30\">\n                        <div class=\"hover-inner transition-50\">\n                <div class=\"icon-groups\">\n                    <a href=\"javascript:;\" class=\"view-gallery\" data-post-id=\"260\" data-src=\"https:\/\/santamariaesansiro.it\/web\/wp-content\/uploads\/2025\/05\/Restauro_Salvator_Mundi_05.jpg\"\n                       data-ajax-url=\"https:\/\/santamariaesansiro.it\/web\/wp-admin\/admin-ajax.php?_wpnonce=2d1beb8640\"><i class=\"fa fa-search\"><\/i><\/a>\n                <\/div>\n            <\/div>\n        <\/div>\n    <\/div>\n<\/div>\n                <\/div>\n                                <div class=\"item\" data-gs-x=\"0\"\n                     data-gs-y=\"33\"\n                     data-gs-width=\"1\"\n                     data-gs-height=\"33\"\n                     data-skin=\"thumbnail-icon-gallery\"\n\n                     data-desktop-gs-x=\"0\"\n                     data-desktop-gs-y=\"33\"\n                     data-desktop-gs-width=\"1\"\n                     data-desktop-gs-height=\"33\"\n                     data-desktop-skin=\"thumbnail-icon-gallery\"\n\n                     data-image-width=\"1200\"\n                     data-image-height=\"1600\"\n                >\n                    <div class=\"grid-post-item thumbnail thumbnail-icon\" data-thumbnail-only=\"1\">\n    <div class=\"thumbnail-image\" data-img=\"https:\/\/santamariaesansiro.it\/web\/wp-content\/uploads\/2025\/05\/Restauro_Salvator_Mundi_06-800x1600.jpg\">\n                    <img decoding=\"async\" src=\"https:\/\/santamariaesansiro.it\/web\/wp-content\/uploads\/2025\/05\/Restauro_Salvator_Mundi_06-800x1600.jpg\" alt=\"Restauro_Salvator_Mundi_06\" >\n                <div class=\"hover-outer transition-30\">\n                        <div class=\"hover-inner transition-50\">\n                <div class=\"icon-groups\">\n                    <a href=\"javascript:;\" class=\"view-gallery\" data-post-id=\"261\" data-src=\"https:\/\/santamariaesansiro.it\/web\/wp-content\/uploads\/2025\/05\/Restauro_Salvator_Mundi_06.jpg\"\n                       data-ajax-url=\"https:\/\/santamariaesansiro.it\/web\/wp-admin\/admin-ajax.php?_wpnonce=2d1beb8640\"><i class=\"fa fa-search\"><\/i><\/a>\n                <\/div>\n            <\/div>\n        <\/div>\n    <\/div>\n<\/div>\n                <\/div>\n                                <div class=\"item\" data-gs-x=\"1\"\n                     data-gs-y=\"33\"\n                     data-gs-width=\"1\"\n                     data-gs-height=\"33\"\n                     data-skin=\"thumbnail-icon-gallery\"\n\n                     data-desktop-gs-x=\"1\"\n                     data-desktop-gs-y=\"33\"\n                     data-desktop-gs-width=\"1\"\n                     data-desktop-gs-height=\"33\"\n                     data-desktop-skin=\"thumbnail-icon-gallery\"\n\n                     data-image-width=\"1200\"\n                     data-image-height=\"1600\"\n                >\n                    <div class=\"grid-post-item thumbnail thumbnail-icon\" data-thumbnail-only=\"1\">\n    <div class=\"thumbnail-image\" data-img=\"https:\/\/santamariaesansiro.it\/web\/wp-content\/uploads\/2025\/05\/Restauro_Salvator_Mundi_07-800x1600.jpg\">\n                    <img decoding=\"async\" src=\"https:\/\/santamariaesansiro.it\/web\/wp-content\/uploads\/2025\/05\/Restauro_Salvator_Mundi_07-800x1600.jpg\" alt=\"Restauro_Salvator_Mundi_07\" >\n                <div class=\"hover-outer transition-30\">\n                        <div class=\"hover-inner transition-50\">\n                <div class=\"icon-groups\">\n                    <a href=\"javascript:;\" class=\"view-gallery\" data-post-id=\"262\" data-src=\"https:\/\/santamariaesansiro.it\/web\/wp-content\/uploads\/2025\/05\/Restauro_Salvator_Mundi_07.jpg\"\n                       data-ajax-url=\"https:\/\/santamariaesansiro.it\/web\/wp-admin\/admin-ajax.php?_wpnonce=2d1beb8640\"><i class=\"fa fa-search\"><\/i><\/a>\n                <\/div>\n            <\/div>\n        <\/div>\n    <\/div>\n<\/div>\n                <\/div>\n                                <div class=\"item\" data-gs-x=\"2\"\n                     data-gs-y=\"33\"\n                     data-gs-width=\"1\"\n                     data-gs-height=\"33\"\n                     data-skin=\"thumbnail-icon-gallery\"\n\n                     data-desktop-gs-x=\"2\"\n                     data-desktop-gs-y=\"33\"\n                     data-desktop-gs-width=\"1\"\n                     data-desktop-gs-height=\"33\"\n                     data-desktop-skin=\"thumbnail-icon-gallery\"\n\n                     data-image-width=\"1200\"\n                     data-image-height=\"1600\"\n                >\n                    <div class=\"grid-post-item thumbnail thumbnail-icon\" data-thumbnail-only=\"1\">\n    <div class=\"thumbnail-image\" data-img=\"https:\/\/santamariaesansiro.it\/web\/wp-content\/uploads\/2025\/05\/Restauro_Salvator_Mundi_08-800x1600.jpg\">\n                    <img decoding=\"async\" src=\"https:\/\/santamariaesansiro.it\/web\/wp-content\/uploads\/2025\/05\/Restauro_Salvator_Mundi_08-800x1600.jpg\" alt=\"Restauro_Salvator_Mundi_08\" >\n                <div class=\"hover-outer transition-30\">\n                        <div class=\"hover-inner transition-50\">\n                <div class=\"icon-groups\">\n                    <a href=\"javascript:;\" class=\"view-gallery\" data-post-id=\"263\" data-src=\"https:\/\/santamariaesansiro.it\/web\/wp-content\/uploads\/2025\/05\/Restauro_Salvator_Mundi_08.jpg\"\n                       data-ajax-url=\"https:\/\/santamariaesansiro.it\/web\/wp-admin\/admin-ajax.php?_wpnonce=2d1beb8640\"><i class=\"fa fa-search\"><\/i><\/a>\n                <\/div>\n            <\/div>\n        <\/div>\n    <\/div>\n<\/div>\n                <\/div>\n                                <div class=\"item\" data-gs-x=\"3\"\n                     data-gs-y=\"33\"\n                     data-gs-width=\"1\"\n                     data-gs-height=\"33\"\n                     data-skin=\"thumbnail-icon-gallery\"\n\n                     data-desktop-gs-x=\"3\"\n                     data-desktop-gs-y=\"33\"\n                     data-desktop-gs-width=\"1\"\n                     data-desktop-gs-height=\"33\"\n                     data-desktop-skin=\"thumbnail-icon-gallery\"\n\n                     data-image-width=\"1200\"\n                     data-image-height=\"1600\"\n                >\n                    <div class=\"grid-post-item thumbnail thumbnail-icon\" data-thumbnail-only=\"1\">\n    <div class=\"thumbnail-image\" data-img=\"https:\/\/santamariaesansiro.it\/web\/wp-content\/uploads\/2025\/05\/Restauro_Salvator_Mundi_09-800x1600.jpg\">\n                    <img decoding=\"async\" src=\"https:\/\/santamariaesansiro.it\/web\/wp-content\/uploads\/2025\/05\/Restauro_Salvator_Mundi_09-800x1600.jpg\" alt=\"Restauro_Salvator_Mundi_09\" >\n                <div class=\"hover-outer transition-30\">\n                        <div class=\"hover-inner transition-50\">\n                <div class=\"icon-groups\">\n                    <a href=\"javascript:;\" class=\"view-gallery\" data-post-id=\"264\" data-src=\"https:\/\/santamariaesansiro.it\/web\/wp-content\/uploads\/2025\/05\/Restauro_Salvator_Mundi_09.jpg\"\n                       data-ajax-url=\"https:\/\/santamariaesansiro.it\/web\/wp-admin\/admin-ajax.php?_wpnonce=2d1beb8640\"><i class=\"fa fa-search\"><\/i><\/a>\n                <\/div>\n            <\/div>\n        <\/div>\n    <\/div>\n<\/div>\n                <\/div>\n                                <div class=\"item\" data-gs-x=\"4\"\n                     data-gs-y=\"33\"\n                     data-gs-width=\"1\"\n                     data-gs-height=\"33\"\n                     data-skin=\"thumbnail-icon-gallery\"\n\n                     data-desktop-gs-x=\"4\"\n                     data-desktop-gs-y=\"33\"\n                     data-desktop-gs-width=\"1\"\n                     data-desktop-gs-height=\"33\"\n                     data-desktop-skin=\"thumbnail-icon-gallery\"\n\n                     data-image-width=\"1200\"\n                     data-image-height=\"1600\"\n                >\n                    <div class=\"grid-post-item thumbnail thumbnail-icon\" data-thumbnail-only=\"1\">\n    <div class=\"thumbnail-image\" data-img=\"https:\/\/santamariaesansiro.it\/web\/wp-content\/uploads\/2025\/05\/Restauro_Salvator_Mundi_10-800x1600.jpg\">\n                    <img decoding=\"async\" src=\"https:\/\/santamariaesansiro.it\/web\/wp-content\/uploads\/2025\/05\/Restauro_Salvator_Mundi_10-800x1600.jpg\" alt=\"Restauro_Salvator_Mundi_10\" >\n                <div class=\"hover-outer transition-30\">\n                        <div class=\"hover-inner transition-50\">\n                <div class=\"icon-groups\">\n                    <a href=\"javascript:;\" class=\"view-gallery\" data-post-id=\"265\" data-src=\"https:\/\/santamariaesansiro.it\/web\/wp-content\/uploads\/2025\/05\/Restauro_Salvator_Mundi_10.jpg\"\n                       data-ajax-url=\"https:\/\/santamariaesansiro.it\/web\/wp-admin\/admin-ajax.php?_wpnonce=2d1beb8640\"><i class=\"fa fa-search\"><\/i><\/a>\n                <\/div>\n            <\/div>\n        <\/div>\n    <\/div>\n<\/div>\n                <\/div>\n                        <\/div>\n\n            <\/div>\n<\/div>\n<\/span>[\/vc_column_text][\/vc_column][\/vc_row]<\/p>\n<\/div>","protected":false},"excerpt":{"rendered":"[vc_row lg_spacing=&#8221;padding_top:50&#8243; md_spacing=&#8221;padding_top:30&#8243; sm_spacing=&#8221;padding_top:20&#8243;][vc_column][vc_column_text]La Statua del Bambin Ges\u00f9 benedicente \u00e8 giunta in S. Maria e S. Siro nel 1802, allorch\u00e8 i membri della Confraternit\u00e0 del Rosario la acquistarono, insieme al dipinto della Madonna del Rosario, dal Monastero di San Gerolamo prima della sua soppressione.\u00a0 Depositata in angolo della Canonica \u00e8 stata ripresentata ai fedeli in occasione della grande mostra sui paramenti sacri del luglio 2019 suscitando grande interesse.\u00a0 In quell\u2019occasione si evidenzi\u00f2 la necessit\u00e0 di un immediato restauro visto il continuo sollevarsi dell\u2019oro dal drappo. Appena\u00a0 ultimata la mostra si sono intraprese le procedure per avviare al restauro la statua e, ottenuta l\u2019autorizzazione da parte della Soprintendenza, in gennaio ha preso la via della bottega di Silvia Balostro. La Statua\u00a0 \u00e8 tornata in S. Maria e S. Siro il 20 luglio 2020.[\/vc_column_text][\/vc_column][\/vc_row][vc_row][vc_column][vc_column_text][\/vc_column_text][\/vc_column][\/vc_row]","protected":false},"author":2,"featured_media":0,"parent":116,"menu_order":0,"comment_status":"closed","ping_status":"open","template":"","meta":{"footnotes":""},"class_list":["post-251","page","type-page","status-publish","hentry"],"_links":{"self":[{"href":"https:\/\/santamariaesansiro.it\/web\/wp-json\/wp\/v2\/pages\/251","targetHints":{"allow":["GET"]}}],"collection":[{"href":"https:\/\/santamariaesansiro.it\/web\/wp-json\/wp\/v2\/pages"}],"about":[{"href":"https:\/\/santamariaesansiro.it\/web\/wp-json\/wp\/v2\/types\/page"}],"author":[{"embeddable":true,"href":"https:\/\/santamariaesansiro.it\/web\/wp-json\/wp\/v2\/users\/2"}],"replies":[{"embeddable":true,"href":"https:\/\/santamariaesansiro.it\/web\/wp-json\/wp\/v2\/comments?post=251"}],"version-history":[{"count":3,"href":"https:\/\/santamariaesansiro.it\/web\/wp-json\/wp\/v2\/pages\/251\/revisions"}],"predecessor-version":[{"id":255,"href":"https:\/\/santamariaesansiro.it\/web\/wp-json\/wp\/v2\/pages\/251\/revisions\/255"}],"up":[{"embeddable":true,"href":"https:\/\/santamariaesansiro.it\/web\/wp-json\/wp\/v2\/pages\/116"}],"wp:attachment":[{"href":"https:\/\/santamariaesansiro.it\/web\/wp-json\/wp\/v2\/media?parent=251"}],"curies":[{"name":"wp","href":"https:\/\/api.w.org\/{rel}","templated":true}]}}